{"id":2602,"date":"2024-05-16T21:18:31","date_gmt":"2024-05-17T02:18:31","guid":{"rendered":"https:\/\/liftwisconsin.org\/noticias\/"},"modified":"2025-12-09T10:27:40","modified_gmt":"2025-12-09T16:27:40","slug":"noticias","status":"publish","type":"page","link":"https:\/\/liftwisconsin.org\/es\/noticias\/","title":{"rendered":"Noticias"},"content":{"rendered":"<p>[et_pb_section fb_built=\u00bb1&#8243; custom_padding_last_edited=\u00bbon|phone\u00bb _builder_version=\u00bb4.27.0&#8243; _module_preset=\u00bbdefault\u00bb background_color=\u00bb#0B439F\u00bb custom_margin=\u00bb||0px||false|false\u00bb custom_padding=\u00bb||30px||false|false\u00bb custom_padding_tablet=\u00bb||30px||false|false\u00bb custom_padding_phone=\u00bb0px|0px|0px|0px|false|true\u00bb global_colors_info=\u00bb{}\u00bb][et_pb_row column_structure=\u00bb3_5,2_5&#8243; _builder_version=\u00bb4.25.1&#8243; _module_preset=\u00bbdefault\u00bb custom_padding=\u00bb||22%||false|false\u00bb global_colors_info=\u00bb{}\u00bb][et_pb_column type=\u00bb3_5&#8243; _builder_version=\u00bb4.25.1&#8243; _module_preset=\u00bbdefault\u00bb global_colors_info=\u00bb{}\u00bb][et_pb_text admin_label=\u00bbIntro text\u00bb _builder_version=\u00bb4.27.0&#8243; _module_preset=\u00bbdefault\u00bb text_font=\u00bbSofiaProRegular||||||||\u00bb text_text_color=\u00bb#ffffff\u00bb text_font_size=\u00bb20px\u00bb header_2_font=\u00bbSofiaProBold||||||||\u00bb header_2_text_color=\u00bb#ffffff\u00bb header_2_font_size=\u00bb50px\u00bb header_3_font=\u00bbSofiaProBold||||||||\u00bb header_3_text_color=\u00bb#ffffff\u00bb custom_padding=\u00bb54px||||false|false\u00bb custom_padding_tablet=\u00bb54px||||false|false\u00bb custom_padding_phone=\u00bb0px||||false|false\u00bb custom_padding_last_edited=\u00bbon|phone\u00bb global_colors_info=\u00bb{}\u00bb]<\/p>\n<h2>Noticias<\/h2>\n<p>En LIFT Wisconsin estamos muy orgullosos de los avances que hacemos cada d\u00eda. Despl\u00e1cese hacia abajo para leer todas nuestras novedades, opiniones y entrevistas. <\/p>\n<p>[\/et_pb_text][\/et_pb_column][et_pb_column type=\u00bb2_5&#8243; _builder_version=\u00bb4.25.1&#8243; _module_preset=\u00bbdefault\u00bb global_colors_info=\u00bb{}\u00bb][et_pb_image src=\u00bbhttps:\/\/liftwisconsin.org\/wp-content\/uploads\/2024\/06\/AdobeStock_397996558-scaled.jpeg\u00bb title_text=\u00bbRetrato de un padre e hijo afroamericanos usando un dispositivo para aprender en casa. Pap\u00e1 y su hijo peque\u00f1o pasando tiempo de ocio en casa. Padre soltero, concepto de estilo de vida familiar, d\u00eda del padre  \u00bb show_bottom_space=\u00bboff\u00bb force_fullwidth=\u00bbon\u00bb _builder_version=\u00bb4.27.0&#8243; _module_preset=\u00bbdefault\u00bb custom_margin=\u00bb0px||||false|false\u00bb custom_padding=\u00bb0px||16%||false|false\u00bb global_colors_info=\u00bb{}\u00bb][\/et_pb_image][\/et_pb_column][\/et_pb_row][\/et_pb_section][et_pb_section fb_built=\u00bb1&#8243; _builder_version=\u00bb4.25.1&#8243; _module_preset=\u00bbdefault\u00bb global_colors_info=\u00bb{}\u00bb][et_pb_row _builder_version=\u00bb4.25.1&#8243; _module_preset=\u00bbdefault\u00bb global_colors_info=\u00bb{}\u00bb][et_pb_column type=\u00bb4_4&#8243; _builder_version=\u00bb4.25.1&#8243; _module_preset=\u00bbdefault\u00bb global_colors_info=\u00bb{}\u00bb][et_pb_blog include_categories=\u00bb40,41,39&#8243; show_author=\u00bboff\u00bb module_class=\u00bbpa-blog-image-4-3&#8243; _builder_version=\u00bb4.26.0&#8243; _module_preset=\u00bbdefault\u00bb custom_css_free_form=\u00bb@media (min-width: 768px) {||  selector article.has-post-thumbnail {||    display: grid;||    grid-template-columns: 30% auto;||    grid-template-rows: repeat(4, auto);||    gap: 0 20px;||  }||  selector article.et_pb_post {||    margin-bottom: 20px||  }||||  selector article.has-post-thumbnail .entry-featured-image-url {||    grid-row: span 5;||    margin-bottom: 0;||  }||}\u00bb global_colors_info=\u00bb{}\u00bb][\/et_pb_blog][\/et_pb_column][\/et_pb_row][\/et_pb_section]<\/p>\n","protected":false},"excerpt":{"rendered":"<p>Noticias En LIFT Wisconsin estamos muy orgullosos de los avances que hacemos cada d\u00eda. Despl\u00e1cese hacia abajo para leer todas nuestras novedades, opiniones y entrevistas.<\/p>\n","protected":false},"author":2,"featured_media":0,"parent":0,"menu_order":0,"comment_status":"closed","ping_status":"closed","template":"","meta":{"_et_pb_use_builder":"on","_et_pb_old_content":"","_et_gb_content_width":"","footnotes":""},"class_list":["post-2602","page","type-page","status-publish","hentry"],"yoast_head":"<!-- This site is optimized with the Yoast SEO Premium plugin v27.4 (Yoast SEO v27.4) - https:\/\/yoast.com\/product\/yoast-seo-premium-wordpress\/ -->\n<title>Noticias - Lift Wisconsin<\/title>\n<meta name=\"description\" content=\"Avanzamos cada d\u00eda para ayudar a las personas y ampliar la justicia. Lea todas nuestras novedades, opiniones y entrevistas.\" \/>\n<meta name=\"robots\" content=\"index, follow, max-snippet:-1, max-image-preview:large, max-video-preview:-1\" \/>\n<link rel=\"canonical\" href=\"https:\/\/liftwisconsin.org\/es\/noticias\/\" \/>\n<meta property=\"og:locale\" content=\"es_ES\" \/>\n<meta property=\"og:type\" content=\"article\" \/>\n<meta property=\"og:title\" content=\"Noticias\" \/>\n<meta property=\"og:description\" content=\"Avanzamos cada d\u00eda para ayudar a las personas y ampliar la justicia. Lea todas nuestras novedades, opiniones y entrevistas.\" \/>\n<meta property=\"og:url\" content=\"https:\/\/liftwisconsin.org\/es\/noticias\/\" \/>\n<meta property=\"og:site_name\" content=\"Lift Wisconsin\" \/>\n<meta property=\"article:modified_time\" content=\"2025-12-09T16:27:40+00:00\" \/>\n<meta property=\"og:image\" content=\"https:\/\/liftwisconsin.org\/wp-content\/uploads\/2024\/09\/LIFT-Social-Share-Default.png\" \/>\n\t<meta property=\"og:image:width\" content=\"1200\" \/>\n\t<meta property=\"og:image:height\" content=\"675\" \/>\n\t<meta property=\"og:image:type\" content=\"image\/png\" \/>\n<meta name=\"twitter:card\" content=\"summary_large_image\" \/>\n<meta name=\"twitter:label1\" content=\"Tiempo de lectura\" \/>\n\t<meta name=\"twitter:data1\" content=\"2 minutos\" \/>\n<script type=\"application\/ld+json\" class=\"yoast-schema-graph\">{\"@context\":\"https:\\\/\\\/schema.org\",\"@graph\":[{\"@type\":\"WebPage\",\"@id\":\"https:\\\/\\\/liftwisconsin.org\\\/es\\\/noticias\\\/\",\"url\":\"https:\\\/\\\/liftwisconsin.org\\\/es\\\/noticias\\\/\",\"name\":\"Noticias - Lift Wisconsin\",\"isPartOf\":{\"@id\":\"https:\\\/\\\/liftwisconsin.org\\\/es\\\/#website\"},\"datePublished\":\"2024-05-17T02:18:31+00:00\",\"dateModified\":\"2025-12-09T16:27:40+00:00\",\"description\":\"Avanzamos cada d\u00eda para ayudar a las personas y ampliar la justicia. Lea todas nuestras novedades, opiniones y entrevistas.\",\"breadcrumb\":{\"@id\":\"https:\\\/\\\/liftwisconsin.org\\\/es\\\/noticias\\\/#breadcrumb\"},\"inLanguage\":\"es\",\"potentialAction\":[{\"@type\":\"ReadAction\",\"target\":[\"https:\\\/\\\/liftwisconsin.org\\\/es\\\/noticias\\\/\"]}]},{\"@type\":\"BreadcrumbList\",\"@id\":\"https:\\\/\\\/liftwisconsin.org\\\/es\\\/noticias\\\/#breadcrumb\",\"itemListElement\":[{\"@type\":\"ListItem\",\"position\":1,\"name\":\"Home\",\"item\":\"https:\\\/\\\/liftwisconsin.org\\\/es\\\/lift-wisconsin\\\/\"},{\"@type\":\"ListItem\",\"position\":2,\"name\":\"Noticias\"}]},{\"@type\":\"WebSite\",\"@id\":\"https:\\\/\\\/liftwisconsin.org\\\/es\\\/#website\",\"url\":\"https:\\\/\\\/liftwisconsin.org\\\/es\\\/\",\"name\":\"LIFT Wisconsin\",\"description\":\"Legal Interventions for Transforming Wisconsin\",\"potentialAction\":[{\"@type\":\"SearchAction\",\"target\":{\"@type\":\"EntryPoint\",\"urlTemplate\":\"https:\\\/\\\/liftwisconsin.org\\\/es\\\/?s={search_term_string}\"},\"query-input\":{\"@type\":\"PropertyValueSpecification\",\"valueRequired\":true,\"valueName\":\"search_term_string\"}}],\"inLanguage\":\"es\"}]}<\/script>\n<!-- \/ Yoast SEO Premium plugin. -->","yoast_head_json":{"title":"Noticias - Lift Wisconsin","description":"Avanzamos cada d\u00eda para ayudar a las personas y ampliar la justicia. Lea todas nuestras novedades, opiniones y entrevistas.","robots":{"index":"index","follow":"follow","max-snippet":"max-snippet:-1","max-image-preview":"max-image-preview:large","max-video-preview":"max-video-preview:-1"},"canonical":"https:\/\/liftwisconsin.org\/es\/noticias\/","og_locale":"es_ES","og_type":"article","og_title":"Noticias","og_description":"Avanzamos cada d\u00eda para ayudar a las personas y ampliar la justicia. Lea todas nuestras novedades, opiniones y entrevistas.","og_url":"https:\/\/liftwisconsin.org\/es\/noticias\/","og_site_name":"Lift Wisconsin","article_modified_time":"2025-12-09T16:27:40+00:00","og_image":[{"width":1200,"height":675,"url":"https:\/\/liftwisconsin.org\/wp-content\/uploads\/2024\/09\/LIFT-Social-Share-Default.png","type":"image\/png"}],"twitter_card":"summary_large_image","twitter_misc":{"Tiempo de lectura":"2 minutos"},"schema":{"@context":"https:\/\/schema.org","@graph":[{"@type":"WebPage","@id":"https:\/\/liftwisconsin.org\/es\/noticias\/","url":"https:\/\/liftwisconsin.org\/es\/noticias\/","name":"Noticias - Lift Wisconsin","isPartOf":{"@id":"https:\/\/liftwisconsin.org\/es\/#website"},"datePublished":"2024-05-17T02:18:31+00:00","dateModified":"2025-12-09T16:27:40+00:00","description":"Avanzamos cada d\u00eda para ayudar a las personas y ampliar la justicia. Lea todas nuestras novedades, opiniones y entrevistas.","breadcrumb":{"@id":"https:\/\/liftwisconsin.org\/es\/noticias\/#breadcrumb"},"inLanguage":"es","potentialAction":[{"@type":"ReadAction","target":["https:\/\/liftwisconsin.org\/es\/noticias\/"]}]},{"@type":"BreadcrumbList","@id":"https:\/\/liftwisconsin.org\/es\/noticias\/#breadcrumb","itemListElement":[{"@type":"ListItem","position":1,"name":"Home","item":"https:\/\/liftwisconsin.org\/es\/lift-wisconsin\/"},{"@type":"ListItem","position":2,"name":"Noticias"}]},{"@type":"WebSite","@id":"https:\/\/liftwisconsin.org\/es\/#website","url":"https:\/\/liftwisconsin.org\/es\/","name":"LIFT Wisconsin","description":"Legal Interventions for Transforming Wisconsin","potentialAction":[{"@type":"SearchAction","target":{"@type":"EntryPoint","urlTemplate":"https:\/\/liftwisconsin.org\/es\/?s={search_term_string}"},"query-input":{"@type":"PropertyValueSpecification","valueRequired":true,"valueName":"search_term_string"}}],"inLanguage":"es"}]}},"featured_image_src":null,"featured_image_src_square":null,"_links":{"self":[{"href":"https:\/\/liftwisconsin.org\/es\/wp-json\/wp\/v2\/pages\/2602","targetHints":{"allow":["GET"]}}],"collection":[{"href":"https:\/\/liftwisconsin.org\/es\/wp-json\/wp\/v2\/pages"}],"about":[{"href":"https:\/\/liftwisconsin.org\/es\/wp-json\/wp\/v2\/types\/page"}],"author":[{"embeddable":true,"href":"https:\/\/liftwisconsin.org\/es\/wp-json\/wp\/v2\/users\/2"}],"replies":[{"embeddable":true,"href":"https:\/\/liftwisconsin.org\/es\/wp-json\/wp\/v2\/comments?post=2602"}],"version-history":[{"count":0,"href":"https:\/\/liftwisconsin.org\/es\/wp-json\/wp\/v2\/pages\/2602\/revisions"}],"wp:attachment":[{"href":"https:\/\/liftwisconsin.org\/es\/wp-json\/wp\/v2\/media?parent=2602"}],"curies":[{"name":"wp","href":"https:\/\/api.w.org\/{rel}","templated":true}]}}